{"id":20951,"date":"2021-08-25T07:26:28","date_gmt":"2021-08-25T07:26:28","guid":{"rendered":"https:\/\/jollytoys.ee\/meist\/"},"modified":"2022-01-31T09:01:14","modified_gmt":"2022-01-31T09:01:14","slug":"about-us","status":"publish","type":"page","link":"https:\/\/jollytoys.ee\/en\/about-us\/","title":{"rendered":"About us"},"content":{"rendered":"<div class=\"wpb-content-wrapper\"><p>[vc_row equal_height=&#8221;yes&#8221; content_placement=&#8221;middle&#8221; woodmart_css_id=&#8221;61f3ca6dd4937&#8243; responsive_spacing=&#8221;eyJwYXJhbV90eXBlIjoid29vZG1hcnRfcmVzcG9uc2l2ZV9zcGFjaW5nIiwic2VsZWN0b3JfaWQiOiI2MWYzY2E2ZGQ0OTM3Iiwic2hvcnRjb2RlIjoidmNfcm93IiwiZGF0YSI6eyJ0YWJsZXQiOnt9LCJtb2JpbGUiOnt9fX0=&#8221; mobile_bg_img_hidden=&#8221;no&#8221; tablet_bg_img_hidden=&#8221;no&#8221; woodmart_parallax=&#8221;0&#8243; woodmart_gradient_switch=&#8221;no&#8221; woodmart_box_shadow=&#8221;no&#8221; wd_z_index=&#8221;no&#8221; woodmart_disable_overflow=&#8221;0&#8243; row_reverse_mobile=&#8221;0&#8243; row_reverse_tablet=&#8221;0&#8243; css=&#8221;.vc_custom_1643367033031{margin-right: 0px !important;margin-left: 0px !important;}&#8221;][vc_column width=&#8221;1\/2&#8243; woodmart_bg_position=&#8221;center-center&#8221; woodmart_css_id=&#8221;61f45f518d131&#8243; parallax_scroll=&#8221;no&#8221; woodmart_sticky_column=&#8221;false&#8221; wd_collapsible_content_switcher=&#8221;no&#8221; mobile_bg_img_hidden=&#8221;no&#8221; tablet_bg_img_hidden=&#8221;no&#8221; woodmart_parallax=&#8221;0&#8243; woodmart_box_shadow=&#8221;no&#8221; mobile_reset_margin=&#8221;no&#8221; tablet_reset_margin=&#8221;no&#8221; wd_z_index=&#8221;no&#8221; responsive_spacing=&#8221;eyJwYXJhbV90eXBlIjoid29vZG1hcnRfcmVzcG9uc2l2ZV9zcGFjaW5nIiwic2VsZWN0b3JfaWQiOiI2MWY0NWY1MThkMTMxIiwic2hvcnRjb2RlIjoidmNfY29sdW1uIiwiZGF0YSI6eyJ0YWJsZXQiOnt9LCJtb2JpbGUiOnsicGFkZGluZy10b3AiOiIxNTAiLCJwYWRkaW5nLWJvdHRvbSI6IjE1MCJ9fX0=&#8221; css=&#8221;.vc_custom_1643405162348{background-image: url(https:\/\/jollytoys.ee\/wp-content\/uploads\/2022\/01\/about-1.jpg?id=7335) !important;background-position: center !important;background-repeat: no-repeat !important;background-size: cover !important;}&#8221;][\/vc_column][vc_column width=&#8221;1\/2&#8243; css=&#8221;.vc_custom_1643405092916{padding-top: 150px !important;padding-right: 100px !important;padding-bottom: 150px !important;padding-left: 100px !important;}&#8221; woodmart_css_id=&#8221;61f45f139f7d9&#8243; parallax_scroll=&#8221;no&#8221; woodmart_sticky_column=&#8221;false&#8221; wd_collapsible_content_switcher=&#8221;no&#8221; mobile_bg_img_hidden=&#8221;no&#8221; tablet_bg_img_hidden=&#8221;no&#8221; woodmart_parallax=&#8221;0&#8243; woodmart_box_shadow=&#8221;no&#8221; mobile_reset_margin=&#8221;no&#8221; tablet_reset_margin=&#8221;no&#8221; wd_z_index=&#8221;no&#8221; responsive_spacing=&#8221;eyJwYXJhbV90eXBlIjoid29vZG1hcnRfcmVzcG9uc2l2ZV9zcGFjaW5nIiwic2VsZWN0b3JfaWQiOiI2MWY0NWYxMzlmN2Q5Iiwic2hvcnRjb2RlIjoidmNfY29sdW1uIiwiZGF0YSI6eyJ0YWJsZXQiOnt9LCJtb2JpbGUiOnsicGFkZGluZy10b3AiOiIzMHB4IiwicGFkZGluZy1yaWdodCI6IjMwcHgiLCJwYWRkaW5nLWJvdHRvbSI6IjMwcHgiLCJwYWRkaW5nLWxlZnQiOiIzMHB4In19fQ==&#8221;]\n\t\t<div id=\"wd-61d433548d353\" class=\"title-wrapper wd-wpb wd-set-mb reset-last-child  wd-rs-61d433548d353 wd-title-color-primary wd-title-style-default text-left vc_custom_1641296728114 wd-underline-colored\">\n\t\t\t\n\t\t\t<div class=\"liner-continer\">\n\t\t\t\t<h4 class=\"woodmart-title-container title  wd-font-weight- wd-fontsize-xxl\" >JollyToys<\/h4>\n\t\t\t\t\t\t\t<\/div>\n\t\t\t\n\t\t\t\n\t\t\t\n\t\t<\/div>\n\t\t\n\t\t\t\t<div id=\"wd-61f4fd49bc94f\" class=\"wd-text-block wd-wpb reset-last-child wd-rs-61f4fd49bc94f text-left wd-fontsize-custom vc_custom_1643445584250\">\n\t\t\t<p>The Jolly Toys company was founded in Estonia in 2018. It specialises in making its own stuffed toys that bring joy to adults and kids alike.<\/p>\n\t\t<\/div>\n\t\t[\/vc_column][\/vc_row][vc_row equal_height=&#8221;yes&#8221; content_placement=&#8221;middle&#8221; responsive_tabs_advanced=&#8221;mobile&#8221; woodmart_css_id=&#8221;61f45fae34309&#8243; responsive_spacing=&#8221;eyJwYXJhbV90eXBlIjoid29vZG1hcnRfcmVzcG9uc2l2ZV9zcGFjaW5nIiwic2VsZWN0b3JfaWQiOiI2MWY0NWZhZTM0MzA5Iiwic2hvcnRjb2RlIjoidmNfcm93IiwiZGF0YSI6eyJ0YWJsZXQiOnt9LCJtb2JpbGUiOnt9fX0=&#8221; mobile_bg_img_hidden=&#8221;no&#8221; tablet_bg_img_hidden=&#8221;no&#8221; woodmart_parallax=&#8221;0&#8243; woodmart_gradient_switch=&#8221;no&#8221; woodmart_box_shadow=&#8221;no&#8221; wd_z_index=&#8221;no&#8221; woodmart_disable_overflow=&#8221;0&#8243; row_reverse_mobile=&#8221;1&#8243; row_reverse_tablet=&#8221;0&#8243; css=&#8221;.vc_custom_1643405237201{margin-right: 0px !important;margin-left: 0px !important;}&#8221;][vc_column width=&#8221;1\/2&#8243; css=&#8221;.vc_custom_1643405194397{padding-top: 150px !important;padding-right: 100px !important;padding-bottom: 150px !important;padding-left: 100px !important;}&#8221; woodmart_css_id=&#8221;61f45f7e237cd&#8221; parallax_scroll=&#8221;no&#8221; woodmart_sticky_column=&#8221;false&#8221; wd_collapsible_content_switcher=&#8221;no&#8221; mobile_bg_img_hidden=&#8221;no&#8221; tablet_bg_img_hidden=&#8221;no&#8221; woodmart_parallax=&#8221;0&#8243; woodmart_box_shadow=&#8221;no&#8221; mobile_reset_margin=&#8221;no&#8221; tablet_reset_margin=&#8221;no&#8221; wd_z_index=&#8221;no&#8221; responsive_spacing=&#8221;eyJwYXJhbV90eXBlIjoid29vZG1hcnRfcmVzcG9uc2l2ZV9zcGFjaW5nIiwic2VsZWN0b3JfaWQiOiI2MWY0NWY3ZTIzN2NkIiwic2hvcnRjb2RlIjoidmNfY29sdW1uIiwiZGF0YSI6eyJ0YWJsZXQiOnt9LCJtb2JpbGUiOnsicGFkZGluZy10b3AiOiIzMHB4IiwicGFkZGluZy1yaWdodCI6IjMwcHgiLCJwYWRkaW5nLWJvdHRvbSI6IjMwcHgiLCJwYWRkaW5nLWxlZnQiOiIzMHB4In19fQ==&#8221;]\n\t\t<div id=\"wd-61f4fd5ebe9de\" class=\"title-wrapper wd-wpb wd-set-mb reset-last-child  wd-rs-61f4fd5ebe9de wd-title-color-primary wd-title-style-default text-left vc_custom_1643445606829 wd-underline-colored\">\n\t\t\t\n\t\t\t<div class=\"liner-continer\">\n\t\t\t\t<h4 class=\"woodmart-title-container title  wd-font-weight- wd-fontsize-xxl\" >Toys with unique designs<\/h4>\n\t\t\t\t\t\t\t<\/div>\n\t\t\t\n\t\t\t\n\t\t\t\n\t\t<\/div>\n\t\t\n\t\t\t\t<div id=\"wd-61f4fd73aa612\" class=\"wd-text-block wd-wpb reset-last-child wd-rs-61f4fd73aa612 text-left wd-width-enabled wd-fontsize-custom vc_custom_1643445623691\" style=\"--wd-max-width: 90%;\">\n\t\t\t<p>We create our toys from scratch, starting with the idea, through to design and technical realisation. At the same time, we would also be happy to work on your ideas. We can create a concept and design for you according to your technical requirements. We can also prepare the materials.<\/p>\n\t\t<\/div>\n\t\t[\/vc_column][vc_column width=&#8221;1\/2&#8243; woodmart_bg_position=&#8221;center-center&#8221; css=&#8221;.vc_custom_1643405206841{padding-top: 150px !important;padding-bottom: 150px !important;background-image: url(https:\/\/jollytoys.ee\/wp-content\/uploads\/2022\/01\/about-2.jpg?id=7323) !important;background-position: center !important;background-repeat: no-repeat !important;background-size: cover !important;}&#8221; woodmart_css_id=&#8221;61f45f8bd381d&#8221; parallax_scroll=&#8221;no&#8221; woodmart_sticky_column=&#8221;false&#8221; wd_collapsible_content_switcher=&#8221;no&#8221; mobile_bg_img_hidden=&#8221;no&#8221; tablet_bg_img_hidden=&#8221;no&#8221; woodmart_parallax=&#8221;0&#8243; woodmart_box_shadow=&#8221;no&#8221; mobile_reset_margin=&#8221;no&#8221; tablet_reset_margin=&#8221;no&#8221; wd_z_index=&#8221;no&#8221; responsive_spacing=&#8221;eyJwYXJhbV90eXBlIjoid29vZG1hcnRfcmVzcG9uc2l2ZV9zcGFjaW5nIiwic2VsZWN0b3JfaWQiOiI2MWY0NWY4YmQzODFkIiwic2hvcnRjb2RlIjoidmNfY29sdW1uIiwiZGF0YSI6eyJ0YWJsZXQiOnt9LCJtb2JpbGUiOnt9fX0=&#8221;][\/vc_column][\/vc_row][vc_row equal_height=&#8221;yes&#8221; content_placement=&#8221;middle&#8221; woodmart_css_id=&#8221;61f3ca85ce09c&#8221; responsive_spacing=&#8221;eyJwYXJhbV90eXBlIjoid29vZG1hcnRfcmVzcG9uc2l2ZV9zcGFjaW5nIiwic2VsZWN0b3JfaWQiOiI2MWYzY2E4NWNlMDljIiwic2hvcnRjb2RlIjoidmNfcm93IiwiZGF0YSI6eyJ0YWJsZXQiOnt9LCJtb2JpbGUiOnt9fX0=&#8221; mobile_bg_img_hidden=&#8221;no&#8221; tablet_bg_img_hidden=&#8221;no&#8221; woodmart_parallax=&#8221;0&#8243; woodmart_gradient_switch=&#8221;no&#8221; woodmart_box_shadow=&#8221;no&#8221; wd_z_index=&#8221;no&#8221; woodmart_disable_overflow=&#8221;0&#8243; row_reverse_mobile=&#8221;0&#8243; row_reverse_tablet=&#8221;0&#8243; css=&#8221;.vc_custom_1643367050068{margin-right: 0px !important;margin-left: 0px !important;}&#8221;][vc_column width=&#8221;1\/2&#8243; woodmart_bg_position=&#8221;center-center&#8221; css=&#8221;.vc_custom_1643405309982{padding-top: 150px !important;padding-bottom: 150px !important;background-image: url(https:\/\/jollytoys.ee\/wp-content\/uploads\/2022\/01\/about-3.jpg?id=7325) !important;background-position: center !important;background-repeat: no-repeat !important;background-size: cover !important;}&#8221; woodmart_css_id=&#8221;61f45ff7b7403&#8243; parallax_scroll=&#8221;no&#8221; woodmart_sticky_column=&#8221;false&#8221; wd_collapsible_content_switcher=&#8221;no&#8221; mobile_bg_img_hidden=&#8221;no&#8221; tablet_bg_img_hidden=&#8221;no&#8221; woodmart_parallax=&#8221;0&#8243; woodmart_box_shadow=&#8221;no&#8221; mobile_reset_margin=&#8221;no&#8221; tablet_reset_margin=&#8221;no&#8221; wd_z_index=&#8221;no&#8221; responsive_spacing=&#8221;eyJwYXJhbV90eXBlIjoid29vZG1hcnRfcmVzcG9uc2l2ZV9zcGFjaW5nIiwic2VsZWN0b3JfaWQiOiI2MWY0NWZmN2I3NDAzIiwic2hvcnRjb2RlIjoidmNfY29sdW1uIiwiZGF0YSI6eyJ0YWJsZXQiOnt9LCJtb2JpbGUiOnt9fX0=&#8221;][\/vc_column][vc_column width=&#8221;1\/2&#8243; css=&#8221;.vc_custom_1643405302185{padding-top: 150px !important;padding-right: 100px !important;padding-bottom: 150px !important;padding-left: 100px !important;}&#8221; woodmart_css_id=&#8221;61f45feb1730c&#8221; parallax_scroll=&#8221;no&#8221; woodmart_sticky_column=&#8221;false&#8221; wd_collapsible_content_switcher=&#8221;no&#8221; mobile_bg_img_hidden=&#8221;no&#8221; tablet_bg_img_hidden=&#8221;no&#8221; woodmart_parallax=&#8221;0&#8243; woodmart_box_shadow=&#8221;no&#8221; mobile_reset_margin=&#8221;no&#8221; tablet_reset_margin=&#8221;no&#8221; wd_z_index=&#8221;no&#8221; responsive_spacing=&#8221;eyJwYXJhbV90eXBlIjoid29vZG1hcnRfcmVzcG9uc2l2ZV9zcGFjaW5nIiwic2VsZWN0b3JfaWQiOiI2MWY0NWZlYjE3MzBjIiwic2hvcnRjb2RlIjoidmNfY29sdW1uIiwiZGF0YSI6eyJ0YWJsZXQiOnt9LCJtb2JpbGUiOnsicGFkZGluZy10b3AiOiIzMHB4IiwicGFkZGluZy1yaWdodCI6IjMwcHgiLCJwYWRkaW5nLWJvdHRvbSI6IjMwcHgiLCJwYWRkaW5nLWxlZnQiOiIzMHB4In19fQ==&#8221;]\n\t\t<div id=\"wd-61f6513637624\" class=\"title-wrapper wd-wpb wd-set-mb reset-last-child  wd-rs-61f6513637624 wd-title-color-primary wd-title-style-default text-left vc_custom_1643532601218 wd-underline-colored\">\n\t\t\t\n\t\t\t<div class=\"liner-continer\">\n\t\t\t\t<h4 class=\"woodmart-title-container title  wd-font-weight- wd-fontsize-xxl\" >Educational toys<\/h4>\n\t\t\t\t\t\t\t<\/div>\n\t\t\t\n\t\t\t\n\t\t\t\n\t\t<\/div>\n\t\t\n\t\t\t\t<div id=\"wd-61f650a4a0270\" class=\"wd-text-block wd-wpb reset-last-child wd-rs-61f650a4a0270 text-left wd-width-enabled wd-fontsize-custom vc_custom_1643532457431\" style=\"--wd-max-width: 90%;\">\n\t\t\t<p>Every detail in our toys is significant and meaningful. That is why we test their benefits with child psychologists and teachers.<\/p>\n<p><strong>We create our toys with love and care as if they were for our own children!<\/strong><\/p>\n\t\t<\/div>\n\t\t[\/vc_column][\/vc_row][vc_row equal_height=&#8221;yes&#8221; content_placement=&#8221;middle&#8221; responsive_tabs_advanced=&#8221;mobile&#8221; woodmart_css_id=&#8221;61f4603b3e98f&#8221; responsive_spacing=&#8221;eyJwYXJhbV90eXBlIjoid29vZG1hcnRfcmVzcG9uc2l2ZV9zcGFjaW5nIiwic2VsZWN0b3JfaWQiOiI2MWY0NjAzYjNlOThmIiwic2hvcnRjb2RlIjoidmNfcm93IiwiZGF0YSI6eyJ0YWJsZXQiOnt9LCJtb2JpbGUiOnt9fX0=&#8221; mobile_bg_img_hidden=&#8221;no&#8221; tablet_bg_img_hidden=&#8221;no&#8221; woodmart_parallax=&#8221;0&#8243; woodmart_gradient_switch=&#8221;no&#8221; woodmart_box_shadow=&#8221;no&#8221; wd_z_index=&#8221;no&#8221; woodmart_disable_overflow=&#8221;0&#8243; row_reverse_mobile=&#8221;1&#8243; row_reverse_tablet=&#8221;0&#8243; css=&#8221;.vc_custom_1643405376480{margin-right: 0px !important;margin-left: 0px !important;}&#8221;][vc_column width=&#8221;1\/2&#8243; css=&#8221;.vc_custom_1643405359635{padding-top: 150px !important;padding-right: 100px !important;padding-bottom: 150px !important;padding-left: 100px !important;}&#8221; woodmart_css_id=&#8221;61f4602009290&#8243; parallax_scroll=&#8221;no&#8221; woodmart_sticky_column=&#8221;false&#8221; wd_collapsible_content_switcher=&#8221;no&#8221; mobile_bg_img_hidden=&#8221;no&#8221; tablet_bg_img_hidden=&#8221;no&#8221; woodmart_parallax=&#8221;0&#8243; woodmart_box_shadow=&#8221;no&#8221; mobile_reset_margin=&#8221;no&#8221; tablet_reset_margin=&#8221;no&#8221; wd_z_index=&#8221;no&#8221; responsive_spacing=&#8221;eyJwYXJhbV90eXBlIjoid29vZG1hcnRfcmVzcG9uc2l2ZV9zcGFjaW5nIiwic2VsZWN0b3JfaWQiOiI2MWY0NjAyMDA5MjkwIiwic2hvcnRjb2RlIjoidmNfY29sdW1uIiwiZGF0YSI6eyJ0YWJsZXQiOnt9LCJtb2JpbGUiOnsicGFkZGluZy10b3AiOiIzMHB4IiwicGFkZGluZy1yaWdodCI6IjMwcHgiLCJwYWRkaW5nLWJvdHRvbSI6IjMwcHgiLCJwYWRkaW5nLWxlZnQiOiIzMHB4In19fQ==&#8221;]\n\t\t<div id=\"wd-61f4fd9290d05\" class=\"title-wrapper wd-wpb wd-set-mb reset-last-child  wd-rs-61f4fd9290d05 wd-title-color-primary wd-title-style-default text-left vc_custom_1643445668476 wd-underline-colored\">\n\t\t\t\n\t\t\t<div class=\"liner-continer\">\n\t\t\t\t<h4 class=\"woodmart-title-container title  wd-font-weight- wd-fontsize-xxl\" >Custom Made Toys<\/h4>\n\t\t\t\t\t\t\t<\/div>\n\t\t\t\n\t\t\t\n\t\t\t\n\t\t<\/div>\n\t\t\n\t\t\t\t<div id=\"wd-61f650c22de73\" class=\"wd-text-block wd-wpb reset-last-child wd-rs-61f650c22de73 text-left wd-fontsize-custom vc_custom_1643532489222\">\n\t\t\t<p>We at Jolly Toys have been making stuffed toys to order for a while now. Our masters create every toy by hand, which means that each toy is unique and special.<\/p>\n<p>We make our toys from hypoallergenic materials safe for kids and adults. It is possible to add embroidery to every toy with information such as name, date, time, weight, height, etc.<\/p>\n<p>We are ready for new orders and will be happy to create personalised toys for you or your company. Please contact us to place an order.<\/p>\n\t\t<\/div>\n\t\t[\/vc_column][vc_column width=&#8221;1\/2&#8243; woodmart_bg_position=&#8221;center-center&#8221; woodmart_css_id=&#8221;61f7a551238d1&#8243; parallax_scroll=&#8221;no&#8221; woodmart_sticky_column=&#8221;false&#8221; wd_collapsible_content_switcher=&#8221;no&#8221; mobile_bg_img_hidden=&#8221;no&#8221; tablet_bg_img_hidden=&#8221;no&#8221; woodmart_parallax=&#8221;0&#8243; woodmart_box_shadow=&#8221;no&#8221; mobile_reset_margin=&#8221;no&#8221; tablet_reset_margin=&#8221;no&#8221; wd_z_index=&#8221;no&#8221; responsive_spacing=&#8221;eyJwYXJhbV90eXBlIjoid29vZG1hcnRfcmVzcG9uc2l2ZV9zcGFjaW5nIiwic2VsZWN0b3JfaWQiOiI2MWY3YTU1MTIzOGQxIiwic2hvcnRjb2RlIjoidmNfY29sdW1uIiwiZGF0YSI6eyJ0YWJsZXQiOnt9LCJtb2JpbGUiOnsicGFkZGluZy10b3AiOiIxNTBweCIsInBhZGRpbmctYm90dG9tIjoiMTUwcHgifX19&#8243; css=&#8221;.vc_custom_1643619672399{background-image: url(https:\/\/jollytoys.ee\/wp-content\/uploads\/2022\/01\/IMG_4507-min.jpg?id=21036) !important;background-position: center !important;background-repeat: no-repeat !important;background-size: cover !important;}&#8221;][\/vc_column][\/vc_row][vc_row equal_height=&#8221;yes&#8221; content_placement=&#8221;middle&#8221; disable_element=&#8221;yes&#8221; woodmart_css_id=&#8221;61f46072aaf6b&#8221; responsive_spacing=&#8221;eyJwYXJhbV90eXBlIjoid29vZG1hcnRfcmVzcG9uc2l2ZV9zcGFjaW5nIiwic2VsZWN0b3JfaWQiOiI2MWY0NjA3MmFhZjZiIiwic2hvcnRjb2RlIjoidmNfcm93IiwiZGF0YSI6eyJ0YWJsZXQiOnt9LCJtb2JpbGUiOnt9fX0=&#8221; mobile_bg_img_hidden=&#8221;no&#8221; tablet_bg_img_hidden=&#8221;no&#8221; woodmart_parallax=&#8221;0&#8243; woodmart_gradient_switch=&#8221;no&#8221; woodmart_box_shadow=&#8221;no&#8221; wd_z_index=&#8221;no&#8221; woodmart_disable_overflow=&#8221;0&#8243; row_reverse_mobile=&#8221;0&#8243; row_reverse_tablet=&#8221;0&#8243; css=&#8221;.vc_custom_1643405431628{margin-right: 0px !important;margin-left: 0px !important;}&#8221;][vc_column width=&#8221;1\/2&#8243; woodmart_bg_position=&#8221;center-center&#8221; woodmart_css_id=&#8221;61f3a785887bd&#8221; parallax_scroll=&#8221;no&#8221; woodmart_sticky_column=&#8221;false&#8221; wd_collapsible_content_switcher=&#8221;no&#8221; mobile_bg_img_hidden=&#8221;no&#8221; tablet_bg_img_hidden=&#8221;no&#8221; woodmart_parallax=&#8221;0&#8243; woodmart_box_shadow=&#8221;no&#8221; mobile_reset_margin=&#8221;no&#8221; tablet_reset_margin=&#8221;no&#8221; wd_z_index=&#8221;no&#8221; responsive_spacing=&#8221;eyJwYXJhbV90eXBlIjoid29vZG1hcnRfcmVzcG9uc2l2ZV9zcGFjaW5nIiwic2VsZWN0b3JfaWQiOiI2MWYzYTc4NTg4N2JkIiwic2hvcnRjb2RlIjoidmNfY29sdW1uIiwiZGF0YSI6eyJ0YWJsZXQiOnt9LCJtb2JpbGUiOnt9fX0=&#8221; css=&#8221;.vc_custom_1643358190052{background-image: url(https:\/\/jollytoys.ee\/wp-content\/uploads\/2022\/01\/01-1.jpg?id=7152) !important;background-position: center !important;background-repeat: no-repeat !important;background-size: cover !important;}&#8221;][\/vc_column][vc_column width=&#8221;1\/2&#8243; css=&#8221;.vc_custom_1641229788402{padding-top: 150px !important;padding-right: 100px !important;padding-bottom: 150px !important;padding-left: 100px !important;}&#8221; woodmart_css_id=&#8221;61d32dd69745e&#8221; parallax_scroll=&#8221;no&#8221; woodmart_sticky_column=&#8221;false&#8221; wd_collapsible_content_switcher=&#8221;no&#8221; mobile_bg_img_hidden=&#8221;no&#8221; tablet_bg_img_hidden=&#8221;no&#8221; woodmart_parallax=&#8221;0&#8243; woodmart_box_shadow=&#8221;no&#8221; mobile_reset_margin=&#8221;no&#8221; tablet_reset_margin=&#8221;no&#8221; wd_z_index=&#8221;no&#8221; responsive_spacing=&#8221;eyJwYXJhbV90eXBlIjoid29vZG1hcnRfcmVzcG9uc2l2ZV9zcGFjaW5nIiwic2VsZWN0b3JfaWQiOiI2MWQzMmRkNjk3NDVlIiwic2hvcnRjb2RlIjoidmNfY29sdW1uIiwiZGF0YSI6eyJ0YWJsZXQiOnt9LCJtb2JpbGUiOnt9fX0=&#8221;]\n\t\t<div id=\"wd-61f3a80731a28\" class=\"title-wrapper wd-wpb wd-set-mb reset-last-child  wd-rs-61f3a80731a28 wd-title-color-primary wd-title-style-default text-left vc_custom_1643358220460 wd-underline-colored\">\n\t\t\t\n\t\t\t<div class=\"liner-continer\">\n\t\t\t\t<h4 class=\"woodmart-title-container title  wd-font-weight- wd-fontsize-xxl\" >Lapse areng on suunatav \u00f5igete m\u00e4nguasjadega<\/h4>\n\t\t\t\t\t\t\t<\/div>\n\t\t\t\n\t\t\t\n\t\t\t\n\t\t<\/div>\n\t\t\n\t\t\t\t<div id=\"wd-61f3a77d9f6ac\" class=\"wd-text-block wd-wpb reset-last-child wd-rs-61f3a77d9f6ac text-left wd-fontsize-custom vc_custom_1643358083163\">\n\t\t\t<p>Pehmed m\u00e4nguasjad aitavad lapsel maailma tundma \u00f5ppida ning koguda teadmisi esemete v\u00e4rvide, suuruste ja vormide kohta. Pehmete m\u00e4nguasjadega m\u00e4ngides arenevad lapsel elus t\u00e4htsad inimlikud omadused, n\u00e4iteks hoolitsemine ja vastutus teise eest. Laps saab aru, et pehmed m\u00e4nguasjad on v\u00e4ikesed ja kaitsetud ning et ta peab neid hoidma nagu vanem s\u00f5ber.<\/p>\n<p>Laps kogub pehmete m\u00e4nguasjade abil teadmisi mitmesuguste stsenaariumide ja rollide kohta. N\u00e4iteks m\u00e4ngib l\u00e4bi muinasjutte. See aitab juba varajases lapseeas arendada fantaasiat ja loomingulisust. Peale selle saab p\u00f5nn m\u00e4nguasjadele usaldada oma saladusi, solvumisi, muresid, r\u00f5\u00f5me, m\u00f5tteid ja tundeid.<\/p>\n<p>Pehme m\u00e4nguasi aitab vabaneda stressist: n\u00e4iteks kui pisip\u00f5nn kardab \u00fcksi pimedas magama j\u00e4\u00e4da, kaitseb lelu teda v\u00f5i on seltsiks arstile minnes. Kui laps on kodus haige, ei ole tal v\u00f5imalik eakaaslastega suhelda. J\u00e4llegi tulevad appi pehmed m\u00e4nguasjad, kellega koos v\u00f5ib multifilme vaadata, lugeda ja joonistada.<\/p>\n\t\t<\/div>\n\t\t[\/vc_column][\/vc_row][vc_row css=&#8221;.vc_custom_1643405461658{margin-top: 80px !important;margin-right: 0px !important;margin-bottom: 40px !important;margin-left: 0px !important;padding-right: 0px !important;padding-left: 0px !important;}&#8221; woodmart_css_id=&#8221;61f4608eb464f&#8221; responsive_spacing=&#8221;eyJwYXJhbV90eXBlIjoid29vZG1hcnRfcmVzcG9uc2l2ZV9zcGFjaW5nIiwic2VsZWN0b3JfaWQiOiI2MWY0NjA4ZWI0NjRmIiwic2hvcnRjb2RlIjoidmNfcm93IiwiZGF0YSI6eyJ0YWJsZXQiOnt9LCJtb2JpbGUiOnsibWFyZ2luLXRvcCI6IjBweCJ9fX0=&#8221; mobile_bg_img_hidden=&#8221;no&#8221; tablet_bg_img_hidden=&#8221;no&#8221; woodmart_parallax=&#8221;0&#8243; woodmart_gradient_switch=&#8221;no&#8221; woodmart_box_shadow=&#8221;no&#8221; wd_z_index=&#8221;no&#8221; woodmart_disable_overflow=&#8221;0&#8243; row_reverse_mobile=&#8221;0&#8243; row_reverse_tablet=&#8221;0&#8243;][vc_column css=&#8221;.vc_custom_1643367110992{padding-right: 0px !important;padding-left: 0px !important;}&#8221; woodmart_css_id=&#8221;61f3cac0e5ced&#8221; parallax_scroll=&#8221;no&#8221; woodmart_sticky_column=&#8221;false&#8221; wd_collapsible_content_switcher=&#8221;no&#8221; mobile_bg_img_hidden=&#8221;no&#8221; tablet_bg_img_hidden=&#8221;no&#8221; woodmart_parallax=&#8221;0&#8243; woodmart_box_shadow=&#8221;no&#8221; mobile_reset_margin=&#8221;no&#8221; tablet_reset_margin=&#8221;no&#8221; wd_z_index=&#8221;no&#8221; responsive_spacing=&#8221;eyJwYXJhbV90eXBlIjoid29vZG1hcnRfcmVzcG9uc2l2ZV9zcGFjaW5nIiwic2VsZWN0b3JfaWQiOiI2MWYzY2FjMGU1Y2VkIiwic2hvcnRjb2RlIjoidmNfY29sdW1uIiwiZGF0YSI6eyJ0YWJsZXQiOnt9LCJtb2JpbGUiOnt9fX0=&#8221;][vc_video link=&#8221;https:\/\/player.vimeo.com\/video\/662232755&#8243; image_poster_switch=&#8221;no&#8221;][\/vc_column][\/vc_row][vc_row css=&#8221;.vc_custom_1643367085976{margin-right: 0px !important;margin-left: 0px !important;}&#8221; woodmart_css_id=&#8221;61f3caa9d0ef8&#8243; responsive_spacing=&#8221;eyJwYXJhbV90eXBlIjoid29vZG1hcnRfcmVzcG9uc2l2ZV9zcGFjaW5nIiwic2VsZWN0b3JfaWQiOiI2MWYzY2FhOWQwZWY4Iiwic2hvcnRjb2RlIjoidmNfcm93IiwiZGF0YSI6eyJ0YWJsZXQiOnt9LCJtb2JpbGUiOnt9fX0=&#8221; mobile_bg_img_hidden=&#8221;no&#8221; tablet_bg_img_hidden=&#8221;no&#8221; woodmart_parallax=&#8221;0&#8243; woodmart_gradient_switch=&#8221;no&#8221; woodmart_box_shadow=&#8221;no&#8221; wd_z_index=&#8221;no&#8221; woodmart_disable_overflow=&#8221;0&#8243; row_reverse_mobile=&#8221;0&#8243; row_reverse_tablet=&#8221;0&#8243;][vc_column width=&#8221;1\/3&#8243;]\t\t\t<div class=\"info-box-wrapper\">\n\t\t\t\t<div id=\"wd-61f4fdb64f747\" class=\" wd-rs-61f4fdb64f747 wd-info-box wd-wpb text-center box-icon-align-top box-style- color-scheme- wd-bg-none \">\n\t\t\t\t\t\t\t\t\t\t\t<div class=\"box-icon-wrapper  box-with-icon box-icon-simple\">\n\t\t\t\t\t\t\t<div class=\"info-box-icon\">\n\t\t\t\t\t\t\t\t<div class=\"info-svg-wrapper\" style=\"width: 60px;height: 60px;\"><img decoding=\"async\"  src=\"https:\/\/jollytoys.ee\/wp-content\/uploads\/2022\/01\/shipping-eng-1.svg\" title=\"shipping-eng\" loading=\"lazy\" width=\"60\" height=\"60\"><\/div>\t\t\t\t\t\t\t<\/div>\n\t\t\t\t\t\t<\/div>\n\t\t\t\t\t\t\t\t\t\t<div class=\"info-box-content\">\n\t\t\t\t\t\t<h4 class=\"info-box-title title box-title-style-default wd-fontsize-m\">We deliver worldwide<\/h4>\t\t\t\t\t\t<div class=\"info-box-inner reset-last-child\"><p>We offer many different transport options.<\/p>\n<\/div>\n\n\t\t\t\t\t\t\t\t\t\t\t<\/div>\n\n\t\t\t\t\t\n\t\t\t\t\t\t\t\t\t<\/div>\n\t\t\t<\/div>\n\t\t[\/vc_column][vc_column width=&#8221;1\/3&#8243;]\t\t\t<div class=\"info-box-wrapper\">\n\t\t\t\t<div id=\"wd-61f4fdcdbe5a7\" class=\" wd-rs-61f4fdcdbe5a7 wd-info-box wd-wpb text-center box-icon-align-top box-style- color-scheme- wd-bg-none \">\n\t\t\t\t\t\t\t\t\t\t\t<div class=\"box-icon-wrapper  box-with-icon box-icon-simple\">\n\t\t\t\t\t\t\t<div class=\"info-box-icon\">\n\t\t\t\t\t\t\t\t<div class=\"info-svg-wrapper\" style=\"width: 60px;height: 60px;\"><img decoding=\"async\"  src=\"https:\/\/jollytoys.ee\/wp-content\/uploads\/2021\/08\/fashion-minimalism-infobox-2.svg\" title=\"fashion-minimalism-infobox-2\" loading=\"lazy\" width=\"60\" height=\"60\"><\/div>\t\t\t\t\t\t\t<\/div>\n\t\t\t\t\t\t<\/div>\n\t\t\t\t\t\t\t\t\t\t<div class=\"info-box-content\">\n\t\t\t\t\t\t<h4 class=\"info-box-title title box-title-style-default wd-fontsize-m\">Customer support<\/h4>\t\t\t\t\t\t<div class=\"info-box-inner reset-last-child\"><p>Our friendly customer support is always happy to help.<\/p>\n<\/div>\n\n\t\t\t\t\t\t\t\t\t\t\t<\/div>\n\n\t\t\t\t\t\n\t\t\t\t\t\t\t\t\t<\/div>\n\t\t\t<\/div>\n\t\t[\/vc_column][vc_column width=&#8221;1\/3&#8243;]\t\t\t<div class=\"info-box-wrapper\">\n\t\t\t\t<div id=\"wd-61f4fdd9097e1\" class=\" wd-rs-61f4fdd9097e1 wd-info-box wd-wpb text-center box-icon-align-top box-style- color-scheme- wd-bg-none \">\n\t\t\t\t\t\t\t\t\t\t\t<div class=\"box-icon-wrapper  box-with-icon box-icon-simple\">\n\t\t\t\t\t\t\t<div class=\"info-box-icon\">\n\t\t\t\t\t\t\t\t<div class=\"info-svg-wrapper\" style=\"width: 60px;height: 60px;\"><img decoding=\"async\"  src=\"https:\/\/jollytoys.ee\/wp-content\/uploads\/2021\/08\/fashion-minimalism-infobox-4.svg\" title=\"fashion-minimalism-infobox-4\" loading=\"lazy\" width=\"60\" height=\"60\"><\/div>\t\t\t\t\t\t\t<\/div>\n\t\t\t\t\t\t<\/div>\n\t\t\t\t\t\t\t\t\t\t<div class=\"info-box-content\">\n\t\t\t\t\t\t<h4 class=\"info-box-title title box-title-style-default wd-fontsize-m\">Safe shopping<\/h4>\t\t\t\t\t\t<div class=\"info-box-inner reset-last-child\"><p>Safe data channel (SSL) usage ensures security.<\/p>\n<\/div>\n\n\t\t\t\t\t\t\t\t\t\t\t<\/div>\n\n\t\t\t\t\t\n\t\t\t\t\t\t\t\t\t<\/div>\n\t\t\t<\/div>\n\t\t[\/vc_column][\/vc_row]<\/p>\n<\/div>","protected":false},"excerpt":{"rendered":"<p>[vc_row equal_height=&#8221;yes&#8221; content_placement=&#8221;middle&#8221; woodmart_css_id=&#8221;61f3ca6dd4937&#8243; responsive_spacing=&#8221;eyJwYXJhbV90eXBlIjoid29vZG1hcnRfcmVzcG9uc2l2ZV9zcGFjaW5nIiwic2VsZWN0b3JfaWQiOiI2MWYzY2E2ZGQ0OTM3Iiwic2hvcnRjb2RlIjoidmNfcm93IiwiZGF0YSI6eyJ0YWJsZXQiOnt9LCJtb2JpbGUiOnt9fX0=&#8221; mobile_bg_img_hidden=&#8221;no&#8221; tablet_bg_img_hidden=&#8221;no&#8221; woodmart_parallax=&#8221;0&#8243; woodmart_gradient_switch=&#8221;no&#8221; woodmart_box_shadow=&#8221;no&#8221; wd_z_index=&#8221;no&#8221; woodmart_disable_overflow=&#8221;0&#8243; row_reverse_mobile=&#8221;0&#8243; row_reverse_tablet=&#8221;0&#8243; css=&#8221;.vc_custom_1643367033031{margin-right: 0px !important;margin-left: 0px !important;}&#8221;][vc_column width=&#8221;1\/2&#8243;<\/p>\n","protected":false},"author":1,"featured_media":0,"parent":0,"menu_order":0,"comment_status":"closed","ping_status":"closed","template":"","meta":{"footnotes":""},"class_list":["post-20951","page","type-page","status-publish","hentry"],"_links":{"self":[{"href":"https:\/\/jollytoys.ee\/en\/wp-json\/wp\/v2\/pages\/20951","targetHints":{"allow":["GET"]}}],"collection":[{"href":"https:\/\/jollytoys.ee\/en\/wp-json\/wp\/v2\/pages"}],"about":[{"href":"https:\/\/jollytoys.ee\/en\/wp-json\/wp\/v2\/types\/page"}],"author":[{"embeddable":true,"href":"https:\/\/jollytoys.ee\/en\/wp-json\/wp\/v2\/users\/1"}],"replies":[{"embeddable":true,"href":"https:\/\/jollytoys.ee\/en\/wp-json\/wp\/v2\/comments?post=20951"}],"version-history":[{"count":5,"href":"https:\/\/jollytoys.ee\/en\/wp-json\/wp\/v2\/pages\/20951\/revisions"}],"predecessor-version":[{"id":21038,"href":"https:\/\/jollytoys.ee\/en\/wp-json\/wp\/v2\/pages\/20951\/revisions\/21038"}],"wp:attachment":[{"href":"https:\/\/jollytoys.ee\/en\/wp-json\/wp\/v2\/media?parent=20951"}],"curies":[{"name":"wp","href":"https:\/\/api.w.org\/{rel}","templated":true}]}}